{"id":61,"date":"2018-04-20T13:18:32","date_gmt":"2018-04-20T11:18:32","guid":{"rendered":"http:\/\/www.schiesscenter-thueringen.de\/?page_id=61"},"modified":"2018-05-02T12:30:46","modified_gmt":"2018-05-02T10:30:46","slug":"technologie","status":"publish","type":"page","link":"https:\/\/schiesscenter-thueringen.de\/?page_id=61","title":{"rendered":"TECHNOLOGIE"},"content":{"rendered":"<p>Das Marksman-ST-2-System verf\u00fcgt \u00fcber einige herausragenden Funktionen, die es zum Marktf\u00fchrer gemacht haben. Das weltweit patentierte System ist absolut realistisch und \u00e4u\u00dferst pr\u00e4zise. Es wird sowohl von J\u00e4gern als auch von Sportsch\u00fctzen erfolgreich genutzt.<\/p>\n<p>Entwickelt wurde das System mit begeisterten J\u00e4gern, erfahrenen Sch\u00fctzen und Ausbildern. Das f\u00fchrte zu den reellen Zielanimationen, verbunden mit einer genauen Analyse von Schwungverhalten und Treffpunktlage.<\/p>\n<figure id=\"attachment_21\" aria-describedby=\"caption-attachment-21\" style=\"width: 1000px\" class=\"wp-caption aligncenter\"><img loading=\"lazy\" decoding=\"async\" class=\"wp-image-21 size-full\" src=\"http:\/\/www.schiesscenter-thueringen.de\/wp-content\/uploads\/2018\/04\/marksman-st2-kamera-unter-lauf.jpg\" alt=\"\" width=\"1000\" height=\"400\" srcset=\"https:\/\/schiesscenter-thueringen.de\/wp-content\/uploads\/2018\/04\/marksman-st2-kamera-unter-lauf.jpg 1000w, https:\/\/schiesscenter-thueringen.de\/wp-content\/uploads\/2018\/04\/marksman-st2-kamera-unter-lauf-300x120.jpg 300w, https:\/\/schiesscenter-thueringen.de\/wp-content\/uploads\/2018\/04\/marksman-st2-kamera-unter-lauf-768x307.jpg 768w, https:\/\/schiesscenter-thueringen.de\/wp-content\/uploads\/2018\/04\/marksman-st2-kamera-unter-lauf-750x300.jpg 750w\" sizes=\"auto, (max-width: 1000px) 100vw, 1000px\" \/><figcaption id=\"caption-attachment-21\" class=\"wp-caption-text\">Sensorkamera vom ST-2 Simulator<\/figcaption><\/figure>\n<p>Einige Features machen das Marksman ST-2 System zum Marktf\u00fchrer:<\/p>\n<ul>\n<li>reelle Zielanimation<\/li>\n<li>100 Hz Bildfrequenz f\u00fcr beste Animation. Schrotst\u00e4rke, Chokes, Schrotmaterial, Geschwindigkeit und Vorlage einstellbar f\u00fcr das Flintenschie\u00dfen<\/li>\n<li>Kaliber, Geschoss , Vo, BC, Geschossgewicht und Einschie\u00df-Entfernung (auch f\u00fcr wieder geladene Munition) f\u00fcr das B\u00fcchsenschie\u00dfen einstellbar<\/li>\n<li>High-Tech-Sensor, der die M\u00fcndungsbewegung, das Bet\u00e4tigen des Abzugs und den Treffersitz mit h\u00f6chster Pr\u00e4zision aufnimmt<\/li>\n<li>eigens entwickelter und international patentierter Algorithmus zur Berechnung der Treffpunktlage und der Schussfolge<\/li>\n<li>umfangreiches Diagnose-Tool, inklusive Geschosswirkung und Schrotpenetration<\/li>\n<li>M\u00f6glichkeit der Slow-Motion-Visualisierung von Sch\u00fcssen und Zielen (insbesondere Tontauben) f\u00fcr eine optimale Ausbildung und das zielf\u00fchrende Training<\/li>\n<li>Das alles ist nur m\u00f6glich, weil wir <strong>KEINE Lasertechnologie<\/strong> verwenden!<\/li>\n<\/ul>\n<p><!--more--><\/p>\n<h3>Noch mehr \u00fcber die Marksmantechnologie<\/h3>\n<p>Die Leistung des Rechners ist speziell f\u00fcr das ST-2-System vom Hersteller konfiguriert. Weitere Komponenten wurden so angepasst, dass die Signale von der Waffenbewegung und der Treffpunktlage in Echtzeit \u00fcbertragen werden k\u00f6nnen.<\/p>\n<p>Das Ergebnis sucht seinesgleichen:<\/p>\n<ul>\n<li>sehr hohe Pr\u00e4zision bei einer Treffpunktlage plus\/minus 20 mm auf 100 Meter<\/li>\n<li>Abzugausl\u00f6sung und Flugzeit des Geschosses auf plus\/minus 1 Millisekunde genau<\/li>\n<li>Bildfrequenz der Animation von 100 Hz f\u00fcr eine gleichm\u00e4\u00dfige Bewegungen der Ziele &#8211; das ist beispielsweise beim Skeet- oder Parcoursschie\u00dfen wichtig<\/li>\n<li>Im Schie\u00dfcenter Th\u00fcringen setzen wir das Classic-Weitwinkel-System mit einem Sichtwinkel von 90\u00b0 und einer horizontalen Aufl\u00f6sung von 2048 Pixeln \u2013 die Bildqualit\u00e4t ist damit besser als HD!<\/li>\n<li>Das ST-2-System ist nicht mit Lasersystemen zu vergleichen und wurde mit Unterst\u00fctzung von internationalen Top-Sch\u00fctzen entwickelt. So k\u00f6nnen Tontauben-Disziplinen in Anlehnung an die ISSF-Regel geschossen werden. Die Geschwindigkeit der Ziele kann in jeder Disziplin individuell eingestellt werden.<\/li>\n<\/ul>\n<p><strong>Ein weiterer Vorteil:<\/strong><\/p>\n<p>Der Sch\u00fctze kann unter Ausschluss von Witterungsbedingungen trainieren und sich so effektiv weiterentwickeln. Dabei geht der Spa\u00df am Schie\u00dfen nicht verloren.<\/p>\n<p>Die f\u00fcr das System verwendeten ballistische Daten und Berechnungen wurden zusammen mit der \u201eBritish Association for Shooting and Conservation (BASC)\u201c entwickelt. Die Wahrscheinlichkeit, ob z. B. Tontauben zerplatzen, Flugwild getroffen verendet oder Schalenwild im Schuss zusammenbricht, wird anhand der Abgabe von kinetischer Energie durch das Geschoss oder die Schrotgabe genau berechnet.<\/p>\n<p>Im Schie\u00dfcenter Th\u00fcringen f\u00e4llt das t\u00f6dlich getroffene Flugwild vom Himmel, das t\u00f6dlich getroffene Schalenwild bricht zusammen und bleibt (anders als im Echtschie\u00dfkino) liegen! Nach jedem Schuss k\u00f6nnen Sie feststellen, wie Sie abgekommen sind und warum Sie (nicht) getroffen haben.<\/p>\n<p>Alle Disziplinen k\u00f6nnen in eigenen Men\u00fcs auf die F\u00e4higkeiten des Sch\u00fctzen modifiziert und dabei alle relevanten Parameter individuell angepasst werden.<\/p>\n","protected":false},"excerpt":{"rendered":"<p>Das Marksman-ST-2-System verf\u00fcgt \u00fcber einige herausragenden Funktionen, die es zum Marktf\u00fchrer gemacht haben. Das weltweit patentierte System ist absolut realistisch [&hellip;]<\/p>\n","protected":false},"author":1,"featured_media":0,"parent":54,"menu_order":0,"comment_status":"closed","ping_status":"closed","template":"","meta":{"footnotes":""},"class_list":["post-61","page","type-page","status-publish","hentry"],"yoast_head":"<!-- This site is optimized with the Yoast SEO plugin v18.3 - https:\/\/yoast.com\/wordpress\/plugins\/seo\/ -->\n<title>TECHNOLOGIE - Schiesscenter-Th\u00fcringen<\/title>\n<meta name=\"robots\" content=\"index, follow, max-snippet:-1, max-image-preview:large, max-video-preview:-1\" \/>\n<link rel=\"canonical\" href=\"https:\/\/schiesscenter-thueringen.de\/?page_id=61\" \/>\n<meta property=\"og:locale\" content=\"de_DE\" \/>\n<meta property=\"og:type\" content=\"article\" \/>\n<meta property=\"og:title\" content=\"TECHNOLOGIE - Schiesscenter-Th\u00fcringen\" \/>\n<meta property=\"og:description\" content=\"Das Marksman-ST-2-System verf\u00fcgt \u00fcber einige herausragenden Funktionen, die es zum Marktf\u00fchrer gemacht haben. Das weltweit patentierte System ist absolut realistisch [&hellip;]\" \/>\n<meta property=\"og:url\" content=\"https:\/\/schiesscenter-thueringen.de\/?page_id=61\" \/>\n<meta property=\"og:site_name\" content=\"Schiesscenter-Th\u00fcringen\" \/>\n<meta property=\"article:publisher\" content=\"https:\/\/www.facebook.com\/SchiesscenterThueringen\/\" \/>\n<meta property=\"article:modified_time\" content=\"2018-05-02T10:30:46+00:00\" \/>\n<meta property=\"og:image\" content=\"http:\/\/www.schiesscenter-thueringen.de\/wp-content\/uploads\/2018\/04\/marksman-st2-kamera-unter-lauf.jpg\" \/>\n<meta name=\"twitter:card\" content=\"summary_large_image\" \/>\n<meta name=\"twitter:label1\" content=\"Gesch\u00e4tzte Lesezeit\" \/>\n\t<meta name=\"twitter:data1\" content=\"3\u00a0Minuten\" \/>\n<script type=\"application\/ld+json\" class=\"yoast-schema-graph\">{\"@context\":\"https:\/\/schema.org\",\"@graph\":[{\"@type\":\"WebSite\",\"@id\":\"https:\/\/schiesscenter-thueringen.de\/#website\",\"url\":\"https:\/\/schiesscenter-thueringen.de\/\",\"name\":\"Schiesscenter-Th\u00fcringen\",\"description\":\"mit Marksman ST2 Technologie\",\"potentialAction\":[{\"@type\":\"SearchAction\",\"target\":{\"@type\":\"EntryPoint\",\"urlTemplate\":\"https:\/\/schiesscenter-thueringen.de\/?s={search_term_string}\"},\"query-input\":\"required name=search_term_string\"}],\"inLanguage\":\"de\"},{\"@type\":\"ImageObject\",\"@id\":\"https:\/\/schiesscenter-thueringen.de\/?page_id=61#primaryimage\",\"inLanguage\":\"de\",\"url\":\"http:\/\/www.schiesscenter-thueringen.de\/wp-content\/uploads\/2018\/04\/marksman-st2-kamera-unter-lauf.jpg\",\"contentUrl\":\"http:\/\/www.schiesscenter-thueringen.de\/wp-content\/uploads\/2018\/04\/marksman-st2-kamera-unter-lauf.jpg\"},{\"@type\":\"WebPage\",\"@id\":\"https:\/\/schiesscenter-thueringen.de\/?page_id=61#webpage\",\"url\":\"https:\/\/schiesscenter-thueringen.de\/?page_id=61\",\"name\":\"TECHNOLOGIE - Schiesscenter-Th\u00fcringen\",\"isPartOf\":{\"@id\":\"https:\/\/schiesscenter-thueringen.de\/#website\"},\"primaryImageOfPage\":{\"@id\":\"https:\/\/schiesscenter-thueringen.de\/?page_id=61#primaryimage\"},\"datePublished\":\"2018-04-20T11:18:32+00:00\",\"dateModified\":\"2018-05-02T10:30:46+00:00\",\"breadcrumb\":{\"@id\":\"https:\/\/schiesscenter-thueringen.de\/?page_id=61#breadcrumb\"},\"inLanguage\":\"de\",\"potentialAction\":[{\"@type\":\"ReadAction\",\"target\":[\"https:\/\/schiesscenter-thueringen.de\/?page_id=61\"]}]},{\"@type\":\"BreadcrumbList\",\"@id\":\"https:\/\/schiesscenter-thueringen.de\/?page_id=61#breadcrumb\",\"itemListElement\":[{\"@type\":\"ListItem\",\"position\":1,\"name\":\"Startseite\",\"item\":\"https:\/\/schiesscenter-thueringen.de\/\"},{\"@type\":\"ListItem\",\"position\":2,\"name\":\"\u00dcber den Marksman ST2\",\"item\":\"https:\/\/schiesscenter-thueringen.de\/?page_id=54\"},{\"@type\":\"ListItem\",\"position\":3,\"name\":\"TECHNOLOGIE\"}]}]}<\/script>\n<!-- \/ Yoast SEO plugin. -->","yoast_head_json":{"title":"TECHNOLOGIE - Schiesscenter-Th\u00fcringen","robots":{"index":"index","follow":"follow","max-snippet":"max-snippet:-1","max-image-preview":"max-image-preview:large","max-video-preview":"max-video-preview:-1"},"canonical":"https:\/\/schiesscenter-thueringen.de\/?page_id=61","og_locale":"de_DE","og_type":"article","og_title":"TECHNOLOGIE - Schiesscenter-Th\u00fcringen","og_description":"Das Marksman-ST-2-System verf\u00fcgt \u00fcber einige herausragenden Funktionen, die es zum Marktf\u00fchrer gemacht haben. Das weltweit patentierte System ist absolut realistisch [&hellip;]","og_url":"https:\/\/schiesscenter-thueringen.de\/?page_id=61","og_site_name":"Schiesscenter-Th\u00fcringen","article_publisher":"https:\/\/www.facebook.com\/SchiesscenterThueringen\/","article_modified_time":"2018-05-02T10:30:46+00:00","og_image":[{"url":"http:\/\/www.schiesscenter-thueringen.de\/wp-content\/uploads\/2018\/04\/marksman-st2-kamera-unter-lauf.jpg"}],"twitter_card":"summary_large_image","twitter_misc":{"Gesch\u00e4tzte Lesezeit":"3\u00a0Minuten"},"schema":{"@context":"https:\/\/schema.org","@graph":[{"@type":"WebSite","@id":"https:\/\/schiesscenter-thueringen.de\/#website","url":"https:\/\/schiesscenter-thueringen.de\/","name":"Schiesscenter-Th\u00fcringen","description":"mit Marksman ST2 Technologie","potentialAction":[{"@type":"SearchAction","target":{"@type":"EntryPoint","urlTemplate":"https:\/\/schiesscenter-thueringen.de\/?s={search_term_string}"},"query-input":"required name=search_term_string"}],"inLanguage":"de"},{"@type":"ImageObject","@id":"https:\/\/schiesscenter-thueringen.de\/?page_id=61#primaryimage","inLanguage":"de","url":"http:\/\/www.schiesscenter-thueringen.de\/wp-content\/uploads\/2018\/04\/marksman-st2-kamera-unter-lauf.jpg","contentUrl":"http:\/\/www.schiesscenter-thueringen.de\/wp-content\/uploads\/2018\/04\/marksman-st2-kamera-unter-lauf.jpg"},{"@type":"WebPage","@id":"https:\/\/schiesscenter-thueringen.de\/?page_id=61#webpage","url":"https:\/\/schiesscenter-thueringen.de\/?page_id=61","name":"TECHNOLOGIE - Schiesscenter-Th\u00fcringen","isPartOf":{"@id":"https:\/\/schiesscenter-thueringen.de\/#website"},"primaryImageOfPage":{"@id":"https:\/\/schiesscenter-thueringen.de\/?page_id=61#primaryimage"},"datePublished":"2018-04-20T11:18:32+00:00","dateModified":"2018-05-02T10:30:46+00:00","breadcrumb":{"@id":"https:\/\/schiesscenter-thueringen.de\/?page_id=61#breadcrumb"},"inLanguage":"de","potentialAction":[{"@type":"ReadAction","target":["https:\/\/schiesscenter-thueringen.de\/?page_id=61"]}]},{"@type":"BreadcrumbList","@id":"https:\/\/schiesscenter-thueringen.de\/?page_id=61#breadcrumb","itemListElement":[{"@type":"ListItem","position":1,"name":"Startseite","item":"https:\/\/schiesscenter-thueringen.de\/"},{"@type":"ListItem","position":2,"name":"\u00dcber den Marksman ST2","item":"https:\/\/schiesscenter-thueringen.de\/?page_id=54"},{"@type":"ListItem","position":3,"name":"TECHNOLOGIE"}]}]}},"_links":{"self":[{"href":"https:\/\/schiesscenter-thueringen.de\/index.php?rest_route=\/wp\/v2\/pages\/61","targetHints":{"allow":["GET"]}}],"collection":[{"href":"https:\/\/schiesscenter-thueringen.de\/index.php?rest_route=\/wp\/v2\/pages"}],"about":[{"href":"https:\/\/schiesscenter-thueringen.de\/index.php?rest_route=\/wp\/v2\/types\/page"}],"author":[{"embeddable":true,"href":"https:\/\/schiesscenter-thueringen.de\/index.php?rest_route=\/wp\/v2\/users\/1"}],"replies":[{"embeddable":true,"href":"https:\/\/schiesscenter-thueringen.de\/index.php?rest_route=%2Fwp%2Fv2%2Fcomments&post=61"}],"version-history":[{"count":4,"href":"https:\/\/schiesscenter-thueringen.de\/index.php?rest_route=\/wp\/v2\/pages\/61\/revisions"}],"predecessor-version":[{"id":115,"href":"https:\/\/schiesscenter-thueringen.de\/index.php?rest_route=\/wp\/v2\/pages\/61\/revisions\/115"}],"up":[{"embeddable":true,"href":"https:\/\/schiesscenter-thueringen.de\/index.php?rest_route=\/wp\/v2\/pages\/54"}],"wp:attachment":[{"href":"https:\/\/schiesscenter-thueringen.de\/index.php?rest_route=%2Fwp%2Fv2%2Fmedia&parent=61"}],"curies":[{"name":"wp","href":"https:\/\/api.w.org\/{rel}","templated":true}]}}