{"id":63,"date":"2018-04-20T13:19:11","date_gmt":"2018-04-20T11:19:11","guid":{"rendered":"http:\/\/www.schiesscenter-thueringen.de\/?page_id=63"},"modified":"2018-05-02T13:06:56","modified_gmt":"2018-05-02T11:06:56","slug":"der-unterschied","status":"publish","type":"page","link":"https:\/\/schiesscenter-thueringen.de\/?page_id=63","title":{"rendered":"Der Unterschied"},"content":{"rendered":"<h3>Die Technik des ST-2 Simulators macht den Unterschied<\/h3>\n<ul>\n<li>Eigene Waffen k\u00f6nnen verwendet werden, es wird also unter Bedingungen nahe an der Realit\u00e4t geschossen.<\/li>\n<li>Die eingesetzte Kameratechnik ist viel pr\u00e4ziser als vergleichbare Systeme mit Lasertechnik. Zudem sind die M\u00f6glichkeiten der Auswertung vielf\u00e4ltiger.<\/li>\n<li>Die bew\u00e4hrte Kameratechnik erlaubt es Bewegungen auf realistischen Hintergr\u00fcnden und in echten Jagdszenarien zu verfolgen. Ein Lage- und Geschwindigkeitssensor registriert die Winkelgeschwindigkeit und Position der M\u00fcndung vom Anschlag bis kurz nach dem Schuss.<\/li>\n<li>Nach Anbau wird <strong>Ihre Waffe genau kalibriert<\/strong>. So werden systembedingte fehlerhafte Ergebnisse nahezu ausgeschlossen.<\/li>\n<li>Das System kann wahlweise f\u00fcr das Schie\u00dfen auf Zielscheiben oder bewegte Ziele genutzt werden.<\/li>\n<li>Alle Ziele und Hintergrundbilder k\u00f6nnen vom Betreiber der Anlage individuell und einfach programmiert und damit ver\u00e4ndert werden. So k\u00f6nnen wir unser Angebot genau auf Ihre Anforderungen abstimmen. Durch die Variierung erm\u00f6glichen wir Ihnen immer wieder ein neues Schie\u00dferlebnis. .Der Simulator ist f\u00fcr alle Schwierigkeitsstufen einsetzbar.<\/li>\n<li>Das System verf\u00fcgt \u00fcber alle notwendigen ballistischen Daten und liefert so zu 100 % realistische Schie\u00dfergebnisse. Es gibt nahezu keine Abweichungen zum Training auf dem Schie\u00dfstand mit scharfem Schuss. Deshalb ist der Lerneffekt deutlich gr\u00f6\u00dfer!<\/li>\n<li><strong>Und: Sie sparen die Ausgaben f\u00fcr Munition und Tontauben und schonen Ihre Waffe.<\/strong><\/li>\n<\/ul>\n","protected":false},"excerpt":{"rendered":"<p>Die Technik des ST-2 Simulators macht den Unterschied Eigene Waffen k\u00f6nnen verwendet werden, es wird also unter Bedingungen nahe an [&hellip;]<\/p>\n","protected":false},"author":1,"featured_media":0,"parent":54,"menu_order":1,"comment_status":"closed","ping_status":"closed","template":"","meta":{"footnotes":""},"class_list":["post-63","page","type-page","status-publish","hentry"],"yoast_head":"<!-- This site is optimized with the Yoast SEO plugin v18.3 - https:\/\/yoast.com\/wordpress\/plugins\/seo\/ -->\n<title>Der Unterschied - Schiesscenter-Th\u00fcringen<\/title>\n<meta name=\"robots\" content=\"index, follow, max-snippet:-1, max-image-preview:large, max-video-preview:-1\" \/>\n<link rel=\"canonical\" href=\"https:\/\/schiesscenter-thueringen.de\/?page_id=63\" \/>\n<meta property=\"og:locale\" content=\"de_DE\" \/>\n<meta property=\"og:type\" content=\"article\" \/>\n<meta property=\"og:title\" content=\"Der Unterschied - Schiesscenter-Th\u00fcringen\" \/>\n<meta property=\"og:description\" content=\"Die Technik des ST-2 Simulators macht den Unterschied Eigene Waffen k\u00f6nnen verwendet werden, es wird also unter Bedingungen nahe an [&hellip;]\" \/>\n<meta property=\"og:url\" content=\"https:\/\/schiesscenter-thueringen.de\/?page_id=63\" \/>\n<meta property=\"og:site_name\" content=\"Schiesscenter-Th\u00fcringen\" \/>\n<meta property=\"article:publisher\" content=\"https:\/\/www.facebook.com\/SchiesscenterThueringen\/\" \/>\n<meta property=\"article:modified_time\" content=\"2018-05-02T11:06:56+00:00\" \/>\n<meta property=\"og:image\" content=\"https:\/\/schiesscenter-thueringen.de\/wp-content\/uploads\/2018\/05\/logo-web.png\" \/>\n\t<meta property=\"og:image:width\" content=\"409\" \/>\n\t<meta property=\"og:image:height\" content=\"186\" \/>\n\t<meta property=\"og:image:type\" content=\"image\/png\" \/>\n<meta name=\"twitter:card\" content=\"summary_large_image\" \/>\n<meta name=\"twitter:label1\" content=\"Gesch\u00e4tzte Lesezeit\" \/>\n\t<meta name=\"twitter:data1\" content=\"1\u00a0Minute\" \/>\n<script type=\"application\/ld+json\" class=\"yoast-schema-graph\">{\"@context\":\"https:\/\/schema.org\",\"@graph\":[{\"@type\":\"WebSite\",\"@id\":\"https:\/\/schiesscenter-thueringen.de\/#website\",\"url\":\"https:\/\/schiesscenter-thueringen.de\/\",\"name\":\"Schiesscenter-Th\u00fcringen\",\"description\":\"mit Marksman ST2 Technologie\",\"potentialAction\":[{\"@type\":\"SearchAction\",\"target\":{\"@type\":\"EntryPoint\",\"urlTemplate\":\"https:\/\/schiesscenter-thueringen.de\/?s={search_term_string}\"},\"query-input\":\"required name=search_term_string\"}],\"inLanguage\":\"de\"},{\"@type\":\"WebPage\",\"@id\":\"https:\/\/schiesscenter-thueringen.de\/?page_id=63#webpage\",\"url\":\"https:\/\/schiesscenter-thueringen.de\/?page_id=63\",\"name\":\"Der Unterschied - Schiesscenter-Th\u00fcringen\",\"isPartOf\":{\"@id\":\"https:\/\/schiesscenter-thueringen.de\/#website\"},\"datePublished\":\"2018-04-20T11:19:11+00:00\",\"dateModified\":\"2018-05-02T11:06:56+00:00\",\"breadcrumb\":{\"@id\":\"https:\/\/schiesscenter-thueringen.de\/?page_id=63#breadcrumb\"},\"inLanguage\":\"de\",\"potentialAction\":[{\"@type\":\"ReadAction\",\"target\":[\"https:\/\/schiesscenter-thueringen.de\/?page_id=63\"]}]},{\"@type\":\"BreadcrumbList\",\"@id\":\"https:\/\/schiesscenter-thueringen.de\/?page_id=63#breadcrumb\",\"itemListElement\":[{\"@type\":\"ListItem\",\"position\":1,\"name\":\"Startseite\",\"item\":\"https:\/\/schiesscenter-thueringen.de\/\"},{\"@type\":\"ListItem\",\"position\":2,\"name\":\"\u00dcber den Marksman ST2\",\"item\":\"https:\/\/schiesscenter-thueringen.de\/?page_id=54\"},{\"@type\":\"ListItem\",\"position\":3,\"name\":\"Der Unterschied\"}]}]}<\/script>\n<!-- \/ Yoast SEO plugin. -->","yoast_head_json":{"title":"Der Unterschied - Schiesscenter-Th\u00fcringen","robots":{"index":"index","follow":"follow","max-snippet":"max-snippet:-1","max-image-preview":"max-image-preview:large","max-video-preview":"max-video-preview:-1"},"canonical":"https:\/\/schiesscenter-thueringen.de\/?page_id=63","og_locale":"de_DE","og_type":"article","og_title":"Der Unterschied - Schiesscenter-Th\u00fcringen","og_description":"Die Technik des ST-2 Simulators macht den Unterschied Eigene Waffen k\u00f6nnen verwendet werden, es wird also unter Bedingungen nahe an [&hellip;]","og_url":"https:\/\/schiesscenter-thueringen.de\/?page_id=63","og_site_name":"Schiesscenter-Th\u00fcringen","article_publisher":"https:\/\/www.facebook.com\/SchiesscenterThueringen\/","article_modified_time":"2018-05-02T11:06:56+00:00","og_image":[{"width":409,"height":186,"url":"https:\/\/schiesscenter-thueringen.de\/wp-content\/uploads\/2018\/05\/logo-web.png","type":"image\/png"}],"twitter_card":"summary_large_image","twitter_misc":{"Gesch\u00e4tzte Lesezeit":"1\u00a0Minute"},"schema":{"@context":"https:\/\/schema.org","@graph":[{"@type":"WebSite","@id":"https:\/\/schiesscenter-thueringen.de\/#website","url":"https:\/\/schiesscenter-thueringen.de\/","name":"Schiesscenter-Th\u00fcringen","description":"mit Marksman ST2 Technologie","potentialAction":[{"@type":"SearchAction","target":{"@type":"EntryPoint","urlTemplate":"https:\/\/schiesscenter-thueringen.de\/?s={search_term_string}"},"query-input":"required name=search_term_string"}],"inLanguage":"de"},{"@type":"WebPage","@id":"https:\/\/schiesscenter-thueringen.de\/?page_id=63#webpage","url":"https:\/\/schiesscenter-thueringen.de\/?page_id=63","name":"Der Unterschied - Schiesscenter-Th\u00fcringen","isPartOf":{"@id":"https:\/\/schiesscenter-thueringen.de\/#website"},"datePublished":"2018-04-20T11:19:11+00:00","dateModified":"2018-05-02T11:06:56+00:00","breadcrumb":{"@id":"https:\/\/schiesscenter-thueringen.de\/?page_id=63#breadcrumb"},"inLanguage":"de","potentialAction":[{"@type":"ReadAction","target":["https:\/\/schiesscenter-thueringen.de\/?page_id=63"]}]},{"@type":"BreadcrumbList","@id":"https:\/\/schiesscenter-thueringen.de\/?page_id=63#breadcrumb","itemListElement":[{"@type":"ListItem","position":1,"name":"Startseite","item":"https:\/\/schiesscenter-thueringen.de\/"},{"@type":"ListItem","position":2,"name":"\u00dcber den Marksman ST2","item":"https:\/\/schiesscenter-thueringen.de\/?page_id=54"},{"@type":"ListItem","position":3,"name":"Der Unterschied"}]}]}},"_links":{"self":[{"href":"https:\/\/schiesscenter-thueringen.de\/index.php?rest_route=\/wp\/v2\/pages\/63","targetHints":{"allow":["GET"]}}],"collection":[{"href":"https:\/\/schiesscenter-thueringen.de\/index.php?rest_route=\/wp\/v2\/pages"}],"about":[{"href":"https:\/\/schiesscenter-thueringen.de\/index.php?rest_route=\/wp\/v2\/types\/page"}],"author":[{"embeddable":true,"href":"https:\/\/schiesscenter-thueringen.de\/index.php?rest_route=\/wp\/v2\/users\/1"}],"replies":[{"embeddable":true,"href":"https:\/\/schiesscenter-thueringen.de\/index.php?rest_route=%2Fwp%2Fv2%2Fcomments&post=63"}],"version-history":[{"count":2,"href":"https:\/\/schiesscenter-thueringen.de\/index.php?rest_route=\/wp\/v2\/pages\/63\/revisions"}],"predecessor-version":[{"id":117,"href":"https:\/\/schiesscenter-thueringen.de\/index.php?rest_route=\/wp\/v2\/pages\/63\/revisions\/117"}],"up":[{"embeddable":true,"href":"https:\/\/schiesscenter-thueringen.de\/index.php?rest_route=\/wp\/v2\/pages\/54"}],"wp:attachment":[{"href":"https:\/\/schiesscenter-thueringen.de\/index.php?rest_route=%2Fwp%2Fv2%2Fmedia&parent=63"}],"curies":[{"name":"wp","href":"https:\/\/api.w.org\/{rel}","templated":true}]}}