{"id":76,"date":"2018-04-20T13:33:25","date_gmt":"2018-04-20T11:33:25","guid":{"rendered":"http:\/\/www.schiesscenter-thueringen.de\/?page_id=76"},"modified":"2024-11-05T16:34:38","modified_gmt":"2024-11-05T15:34:38","slug":"preise","status":"publish","type":"page","link":"https:\/\/schiesscenter-thueringen.de\/?page_id=76","title":{"rendered":"Was kostet mich das \u201eVergn\u00fcgen\u201c?"},"content":{"rendered":"<h3 style=\"text-align: center;\">Weniger, als Sie glauben!<\/h3>\n<p>Sie k\u00f6nnen verbindlich buchen unter<\/p>\n<p>Tel.:\u00a0\u00a0\u00a0\u00a0 036738 \/ 74 13 49<br \/>\nmobil:\u00a0 0170 \/ 52 75 76 4<br \/>\ne-mail: <a href=\"mailto:schiesscenter-thueringen@gmx.de\">schiesscenter-thueringen@gmx.de<\/a><\/p>\n<h3>Preisliste ab 1. Januar 2023<\/h3>\n<table style=\"height: 125px;\" border=\"0\" width=\"1011\">\n<tbody>\n<tr>\n<td>Schie\u00dfnachweis f\u00fcr Dr\u00fcck-,Treib-und Bewegungsjagden\u00a0 15 Minuten<\/td>\n<td align=\"right\" width=\"15%\">40 \u20ac<\/td>\n<\/tr>\n<tr>\n<td>1\/2 Stunde Schie\u00dftraining inkl. Anleitung<\/td>\n<td align=\"right\" width=\"15%\">55 \u20ac<\/td>\n<\/tr>\n<tr>\n<td>\n<table border=\"0\" width=\"998\">\n<tbody>\n<tr>\n<td>1 Stunde Schie\u00dftraining inkl. Anleitung<\/td>\n<\/tr>\n<\/tbody>\n<\/table>\n<\/td>\n<td align=\"right\" width=\"15%\">100\u20ac<\/td>\n<\/tr>\n<\/tbody>\n<\/table>\n<p><strong>F\u00fcr Ihre Gruppe bieten wir Ihnen \u201eSpecials\u201c an. Fragen Sie danach!<\/strong><\/p>\n<ul>\n<li>Junggesell\/-innen-Abschied<\/li>\n<li>Firmen- und\/oder Familienfeiern<\/li>\n<li>Jagdvereine, Hegegemeinschaften etc., andere Teams<\/li>\n<li>Sportsch\u00fctzen in der Gruppe<\/li>\n<\/ul>\n<p>Bei rechtzeitiger Anmeldung stellen wir Ihnen das Schie\u00dfcenter exklusiv zur Verf\u00fcgung.<br \/>\nAlle Gruppenveranstaltungen k\u00f6nnen individuell vereinbart werden.<\/p>\n<p>Catering ist auf Wunsch m\u00f6glich, erfolgt durch einen externen Lieferanten aus der Region.<\/p>\n<p>Bleiben Sie uns gewogen und bleiben Sie neugierig! Besuchen Sie uns regelm\u00e4\u00dfig und lesen, was sich zuk\u00fcnftig im Schie\u00dfcenter Th\u00fcringen tut. Wir haben noch Vieles vor.<\/p>\n<p style=\"text-align: center;\">Sie d\u00fcrfen gespannt sein!<\/p>\n","protected":false},"excerpt":{"rendered":"<p>Weniger, als Sie glauben! Sie k\u00f6nnen verbindlich buchen unter Tel.:\u00a0\u00a0\u00a0\u00a0 036738 \/ 74 13 49 mobil:\u00a0 0170 \/ 52 75 [&hellip;]<\/p>\n","protected":false},"author":1,"featured_media":0,"parent":0,"menu_order":0,"comment_status":"closed","ping_status":"closed","template":"","meta":{"footnotes":""},"class_list":["post-76","page","type-page","status-publish","hentry"],"yoast_head":"<!-- This site is optimized with the Yoast SEO plugin v18.3 - https:\/\/yoast.com\/wordpress\/plugins\/seo\/ -->\n<title>Was kostet mich das \u201eVergn\u00fcgen\u201c? - Schiesscenter-Th\u00fcringen<\/title>\n<meta name=\"robots\" content=\"index, follow, max-snippet:-1, max-image-preview:large, max-video-preview:-1\" \/>\n<link rel=\"canonical\" href=\"https:\/\/schiesscenter-thueringen.de\/?page_id=76\" \/>\n<meta property=\"og:locale\" content=\"de_DE\" \/>\n<meta property=\"og:type\" content=\"article\" \/>\n<meta property=\"og:title\" content=\"Was kostet mich das \u201eVergn\u00fcgen\u201c? - Schiesscenter-Th\u00fcringen\" \/>\n<meta property=\"og:description\" content=\"Weniger, als Sie glauben! Sie k\u00f6nnen verbindlich buchen unter Tel.:\u00a0\u00a0\u00a0\u00a0 036738 \/ 74 13 49 mobil:\u00a0 0170 \/ 52 75 [&hellip;]\" \/>\n<meta property=\"og:url\" content=\"https:\/\/schiesscenter-thueringen.de\/?page_id=76\" \/>\n<meta property=\"og:site_name\" content=\"Schiesscenter-Th\u00fcringen\" \/>\n<meta property=\"article:publisher\" content=\"https:\/\/www.facebook.com\/SchiesscenterThueringen\/\" \/>\n<meta property=\"article:modified_time\" content=\"2024-11-05T15:34:38+00:00\" \/>\n<meta property=\"og:image\" content=\"https:\/\/schiesscenter-thueringen.de\/wp-content\/uploads\/2018\/05\/logo-web.png\" \/>\n\t<meta property=\"og:image:width\" content=\"409\" \/>\n\t<meta property=\"og:image:height\" content=\"186\" \/>\n\t<meta property=\"og:image:type\" content=\"image\/png\" \/>\n<meta name=\"twitter:card\" content=\"summary_large_image\" \/>\n<meta name=\"twitter:label1\" content=\"Gesch\u00e4tzte Lesezeit\" \/>\n\t<meta name=\"twitter:data1\" content=\"1\u00a0Minute\" \/>\n<script type=\"application\/ld+json\" class=\"yoast-schema-graph\">{\"@context\":\"https:\/\/schema.org\",\"@graph\":[{\"@type\":\"WebSite\",\"@id\":\"https:\/\/schiesscenter-thueringen.de\/#website\",\"url\":\"https:\/\/schiesscenter-thueringen.de\/\",\"name\":\"Schiesscenter-Th\u00fcringen\",\"description\":\"mit Marksman ST2 Technologie\",\"potentialAction\":[{\"@type\":\"SearchAction\",\"target\":{\"@type\":\"EntryPoint\",\"urlTemplate\":\"https:\/\/schiesscenter-thueringen.de\/?s={search_term_string}\"},\"query-input\":\"required name=search_term_string\"}],\"inLanguage\":\"de\"},{\"@type\":\"WebPage\",\"@id\":\"https:\/\/schiesscenter-thueringen.de\/?page_id=76#webpage\",\"url\":\"https:\/\/schiesscenter-thueringen.de\/?page_id=76\",\"name\":\"Was kostet mich das \u201eVergn\u00fcgen\u201c? - Schiesscenter-Th\u00fcringen\",\"isPartOf\":{\"@id\":\"https:\/\/schiesscenter-thueringen.de\/#website\"},\"datePublished\":\"2018-04-20T11:33:25+00:00\",\"dateModified\":\"2024-11-05T15:34:38+00:00\",\"breadcrumb\":{\"@id\":\"https:\/\/schiesscenter-thueringen.de\/?page_id=76#breadcrumb\"},\"inLanguage\":\"de\",\"potentialAction\":[{\"@type\":\"ReadAction\",\"target\":[\"https:\/\/schiesscenter-thueringen.de\/?page_id=76\"]}]},{\"@type\":\"BreadcrumbList\",\"@id\":\"https:\/\/schiesscenter-thueringen.de\/?page_id=76#breadcrumb\",\"itemListElement\":[{\"@type\":\"ListItem\",\"position\":1,\"name\":\"Startseite\",\"item\":\"https:\/\/schiesscenter-thueringen.de\/\"},{\"@type\":\"ListItem\",\"position\":2,\"name\":\"Was kostet mich das \u201eVergn\u00fcgen\u201c?\"}]}]}<\/script>\n<!-- \/ Yoast SEO plugin. -->","yoast_head_json":{"title":"Was kostet mich das \u201eVergn\u00fcgen\u201c? - Schiesscenter-Th\u00fcringen","robots":{"index":"index","follow":"follow","max-snippet":"max-snippet:-1","max-image-preview":"max-image-preview:large","max-video-preview":"max-video-preview:-1"},"canonical":"https:\/\/schiesscenter-thueringen.de\/?page_id=76","og_locale":"de_DE","og_type":"article","og_title":"Was kostet mich das \u201eVergn\u00fcgen\u201c? - Schiesscenter-Th\u00fcringen","og_description":"Weniger, als Sie glauben! Sie k\u00f6nnen verbindlich buchen unter Tel.:\u00a0\u00a0\u00a0\u00a0 036738 \/ 74 13 49 mobil:\u00a0 0170 \/ 52 75 [&hellip;]","og_url":"https:\/\/schiesscenter-thueringen.de\/?page_id=76","og_site_name":"Schiesscenter-Th\u00fcringen","article_publisher":"https:\/\/www.facebook.com\/SchiesscenterThueringen\/","article_modified_time":"2024-11-05T15:34:38+00:00","og_image":[{"width":409,"height":186,"url":"https:\/\/schiesscenter-thueringen.de\/wp-content\/uploads\/2018\/05\/logo-web.png","type":"image\/png"}],"twitter_card":"summary_large_image","twitter_misc":{"Gesch\u00e4tzte Lesezeit":"1\u00a0Minute"},"schema":{"@context":"https:\/\/schema.org","@graph":[{"@type":"WebSite","@id":"https:\/\/schiesscenter-thueringen.de\/#website","url":"https:\/\/schiesscenter-thueringen.de\/","name":"Schiesscenter-Th\u00fcringen","description":"mit Marksman ST2 Technologie","potentialAction":[{"@type":"SearchAction","target":{"@type":"EntryPoint","urlTemplate":"https:\/\/schiesscenter-thueringen.de\/?s={search_term_string}"},"query-input":"required name=search_term_string"}],"inLanguage":"de"},{"@type":"WebPage","@id":"https:\/\/schiesscenter-thueringen.de\/?page_id=76#webpage","url":"https:\/\/schiesscenter-thueringen.de\/?page_id=76","name":"Was kostet mich das \u201eVergn\u00fcgen\u201c? - Schiesscenter-Th\u00fcringen","isPartOf":{"@id":"https:\/\/schiesscenter-thueringen.de\/#website"},"datePublished":"2018-04-20T11:33:25+00:00","dateModified":"2024-11-05T15:34:38+00:00","breadcrumb":{"@id":"https:\/\/schiesscenter-thueringen.de\/?page_id=76#breadcrumb"},"inLanguage":"de","potentialAction":[{"@type":"ReadAction","target":["https:\/\/schiesscenter-thueringen.de\/?page_id=76"]}]},{"@type":"BreadcrumbList","@id":"https:\/\/schiesscenter-thueringen.de\/?page_id=76#breadcrumb","itemListElement":[{"@type":"ListItem","position":1,"name":"Startseite","item":"https:\/\/schiesscenter-thueringen.de\/"},{"@type":"ListItem","position":2,"name":"Was kostet mich das \u201eVergn\u00fcgen\u201c?"}]}]}},"_links":{"self":[{"href":"https:\/\/schiesscenter-thueringen.de\/index.php?rest_route=\/wp\/v2\/pages\/76","targetHints":{"allow":["GET"]}}],"collection":[{"href":"https:\/\/schiesscenter-thueringen.de\/index.php?rest_route=\/wp\/v2\/pages"}],"about":[{"href":"https:\/\/schiesscenter-thueringen.de\/index.php?rest_route=\/wp\/v2\/types\/page"}],"author":[{"embeddable":true,"href":"https:\/\/schiesscenter-thueringen.de\/index.php?rest_route=\/wp\/v2\/users\/1"}],"replies":[{"embeddable":true,"href":"https:\/\/schiesscenter-thueringen.de\/index.php?rest_route=%2Fwp%2Fv2%2Fcomments&post=76"}],"version-history":[{"count":30,"href":"https:\/\/schiesscenter-thueringen.de\/index.php?rest_route=\/wp\/v2\/pages\/76\/revisions"}],"predecessor-version":[{"id":338,"href":"https:\/\/schiesscenter-thueringen.de\/index.php?rest_route=\/wp\/v2\/pages\/76\/revisions\/338"}],"wp:attachment":[{"href":"https:\/\/schiesscenter-thueringen.de\/index.php?rest_route=%2Fwp%2Fv2%2Fmedia&parent=76"}],"curies":[{"name":"wp","href":"https:\/\/api.w.org\/{rel}","templated":true}]}}